{"id":697,"date":"2019-08-17T23:40:30","date_gmt":"2019-08-17T21:40:30","guid":{"rendered":"http:\/\/wordpress1933742.home.pl\/autoinstalator\/wordpressplugins1\/index.php\/polityka-cookies\/"},"modified":"2019-09-09T20:33:42","modified_gmt":"2019-09-09T18:33:42","slug":"polityka-cookies","status":"publish","type":"page","link":"https:\/\/forumrodziny.pl\/index.php\/polityka-cookies\/","title":{"rendered":"POLITYKA COOKIES"},"content":{"rendered":"\t\t<div data-elementor-type=\"wp-post\" data-elementor-id=\"697\" class=\"elementor elementor-697\">\n\t\t\t\t\t\t<section class=\"elementor-section elementor-top-section elementor-element elementor-element-d0b29ad elementor-section-boxed elementor-section-height-default elementor-section-height-default\" data-id=\"d0b29ad\" data-element_type=\"section\">\n\t\t\t\t\t\t<div class=\"elementor-container elementor-column-gap-default\">\n\t\t\t\t\t<div class=\"elementor-column elementor-col-100 elementor-top-column elementor-element elementor-element-3f1b16c\" data-id=\"3f1b16c\" data-element_type=\"column\">\n\t\t\t<div class=\"elementor-widget-wrap elementor-element-populated\">\n\t\t\t\t\t\t\t<\/div>\n\t\t<\/div>\n\t\t\t\t\t<\/div>\n\t\t<\/section>\n\t\t\t\t<section class=\"elementor-section elementor-top-section elementor-element elementor-element-d24d87c elementor-section-content-top elementor-section-height-min-height elementor-section-boxed elementor-section-height-default elementor-section-items-middle\" data-id=\"d24d87c\" data-element_type=\"section\">\n\t\t\t\t\t\t<div class=\"elementor-container elementor-column-gap-default\">\n\t\t\t\t\t<div class=\"elementor-column elementor-col-14 elementor-top-column elementor-element elementor-element-abe7d46\" data-id=\"abe7d46\" data-element_type=\"column\">\n\t\t\t<div class=\"elementor-widget-wrap elementor-element-populated\">\n\t\t\t\t\t\t<div class=\"elementor-element elementor-element-58d6ea4 elementor-widget elementor-widget-text-editor\" data-id=\"58d6ea4\" data-element_type=\"widget\" data-widget_type=\"text-editor.default\">\n\t\t\t\t<div class=\"elementor-widget-container\">\n\t\t\t\t\t\t\t\t\t<h3 style=\"text-align: center;\"><span style=\"color: #ffffff;\"><span style=\"outline: 0px; font-weight: bold;\"><a href=\"http:\/\/wordpress1933742.home.pl\/autoinstalator\/wordpressplugins1\/\">HOME<\/a><\/span><\/span><\/h3>\t\t\t\t\t\t\t\t<\/div>\n\t\t\t\t<\/div>\n\t\t\t\t\t<\/div>\n\t\t<\/div>\n\t\t\t\t<div class=\"elementor-column elementor-col-14 elementor-top-column elementor-element elementor-element-af9ed4b\" data-id=\"af9ed4b\" data-element_type=\"column\">\n\t\t\t<div class=\"elementor-widget-wrap elementor-element-populated\">\n\t\t\t\t\t\t<div class=\"elementor-element elementor-element-8b5714f elementor-widget elementor-widget-text-editor\" data-id=\"8b5714f\" data-element_type=\"widget\" data-widget_type=\"text-editor.default\">\n\t\t\t\t<div class=\"elementor-widget-container\">\n\t\t\t\t\t\t\t\t\t<h3 style=\"text-align: center;\"><span style=\"color: #ffffff;\"><span style=\"outline: 0px; font-weight: bold;\"><a href=\"http:\/\/wordpress1933742.home.pl\/autoinstalator\/wordpressplugins1\/index.php\/o-nas\/\">O\u00a0NAS<\/a><\/span><\/span><\/h3>\t\t\t\t\t\t\t\t<\/div>\n\t\t\t\t<\/div>\n\t\t\t\t\t<\/div>\n\t\t<\/div>\n\t\t\t\t<div class=\"elementor-column elementor-col-14 elementor-top-column elementor-element elementor-element-c83a33d\" data-id=\"c83a33d\" data-element_type=\"column\">\n\t\t\t<div class=\"elementor-widget-wrap elementor-element-populated\">\n\t\t\t\t\t\t<div class=\"elementor-element elementor-element-afbd59d elementor-widget elementor-widget-text-editor\" data-id=\"afbd59d\" data-element_type=\"widget\" data-widget_type=\"text-editor.default\">\n\t\t\t\t<div class=\"elementor-widget-container\">\n\t\t\t\t\t\t\t\t\t<h3 style=\"text-align: center;\"><span style=\"color: #ffffff;\"><span style=\"outline: 0px; font-weight: bold;\"><a href=\"http:\/\/wordpress1933742.home.pl\/autoinstalator\/wordpressplugins1\/index.php\/program-2019\/http:\/\/wordpress1933742.home.pl\/autoinstalator\/wordpressplugins1\/index.php\/program-2019\/\">PROGRAM 2019<\/a><\/span><\/span><\/h3>\t\t\t\t\t\t\t\t<\/div>\n\t\t\t\t<\/div>\n\t\t\t\t\t<\/div>\n\t\t<\/div>\n\t\t\t\t<div class=\"elementor-column elementor-col-14 elementor-top-column elementor-element elementor-element-5fa3b67\" data-id=\"5fa3b67\" data-element_type=\"column\">\n\t\t\t<div class=\"elementor-widget-wrap elementor-element-populated\">\n\t\t\t\t\t\t<div class=\"elementor-element elementor-element-14a93dc elementor-widget elementor-widget-text-editor\" data-id=\"14a93dc\" data-element_type=\"widget\" data-widget_type=\"text-editor.default\">\n\t\t\t\t<div class=\"elementor-widget-container\">\n\t\t\t\t\t\t\t\t\t<h3 style=\"text-align: center;\"><span style=\"color: #ffffff;\"><span style=\"outline: 0px; font-weight: bold;\"><a href=\"http:\/\/wordpress1933742.home.pl\/autoinstalator\/wordpressplugins1\/index.php\/goscie-i-partnerzy\/\">GO\u015aCIE I PARTNERZY<\/a><\/span><\/span><\/h3>\t\t\t\t\t\t\t\t<\/div>\n\t\t\t\t<\/div>\n\t\t\t\t\t<\/div>\n\t\t<\/div>\n\t\t\t\t<div class=\"elementor-column elementor-col-14 elementor-top-column elementor-element elementor-element-507e823\" data-id=\"507e823\" data-element_type=\"column\">\n\t\t\t<div class=\"elementor-widget-wrap elementor-element-populated\">\n\t\t\t\t\t\t<div class=\"elementor-element elementor-element-9694eba elementor-widget elementor-widget-text-editor\" data-id=\"9694eba\" data-element_type=\"widget\" data-widget_type=\"text-editor.default\">\n\t\t\t\t<div class=\"elementor-widget-container\">\n\t\t\t\t\t\t\t\t\t<h3 style=\"text-align: center;\"><a href=\"http:\/\/wordpress1933742.home.pl\/autoinstalator\/wordpressplugins1\/index.php\/galeria\/\"><b>GALERIA<\/b><\/a><\/h3>\t\t\t\t\t\t\t\t<\/div>\n\t\t\t\t<\/div>\n\t\t\t\t\t<\/div>\n\t\t<\/div>\n\t\t\t\t<div class=\"elementor-column elementor-col-14 elementor-top-column elementor-element elementor-element-51a97d2\" data-id=\"51a97d2\" data-element_type=\"column\">\n\t\t\t<div class=\"elementor-widget-wrap elementor-element-populated\">\n\t\t\t\t\t\t<div class=\"elementor-element elementor-element-721d415 elementor-widget elementor-widget-text-editor\" data-id=\"721d415\" data-element_type=\"widget\" data-widget_type=\"text-editor.default\">\n\t\t\t\t<div class=\"elementor-widget-container\">\n\t\t\t\t\t\t\t\t\t<h3 style=\"text-align: center;\"><a href=\"http:\/\/wordpress1933742.home.pl\/autoinstalator\/wordpressplugins1\/index.php\/archiwum\/\"><b>ARCHIWUM<\/b><\/a><\/h3>\t\t\t\t\t\t\t\t<\/div>\n\t\t\t\t<\/div>\n\t\t\t\t\t<\/div>\n\t\t<\/div>\n\t\t\t\t<div class=\"elementor-column elementor-col-14 elementor-top-column elementor-element elementor-element-d5070ed\" data-id=\"d5070ed\" data-element_type=\"column\">\n\t\t\t<div class=\"elementor-widget-wrap elementor-element-populated\">\n\t\t\t\t\t\t<div class=\"elementor-element elementor-element-505151e elementor-widget elementor-widget-text-editor\" data-id=\"505151e\" data-element_type=\"widget\" data-widget_type=\"text-editor.default\">\n\t\t\t\t<div class=\"elementor-widget-container\">\n\t\t\t\t\t\t\t\t\t<h3 style=\"text-align: center;\"><span style=\"color: #ffffff;\"><span style=\"outline: 0px; font-weight: bold;\"><a href=\"http:\/\/wordpress1933742.home.pl\/autoinstalator\/wordpressplugins1\/index.php\/kontakt\/\">KONTAKT<\/a><\/span><\/span><\/h3>\t\t\t\t\t\t\t\t<\/div>\n\t\t\t\t<\/div>\n\t\t\t\t\t<\/div>\n\t\t<\/div>\n\t\t\t\t\t<\/div>\n\t\t<\/section>\n\t\t\t\t<section class=\"elementor-section elementor-top-section elementor-element elementor-element-0dcbd10 elementor-section-boxed elementor-section-height-default elementor-section-height-default\" data-id=\"0dcbd10\" data-element_type=\"section\">\n\t\t\t\t\t\t<div class=\"elementor-container elementor-column-gap-default\">\n\t\t\t\t\t<div class=\"elementor-column elementor-col-100 elementor-top-column elementor-element elementor-element-72dadec\" data-id=\"72dadec\" data-element_type=\"column\">\n\t\t\t<div class=\"elementor-widget-wrap elementor-element-populated\">\n\t\t\t\t\t\t<div class=\"elementor-element elementor-element-3d6a188 elementor-widget elementor-widget-heading\" data-id=\"3d6a188\" data-element_type=\"widget\" data-widget_type=\"heading.default\">\n\t\t\t\t<div class=\"elementor-widget-container\">\n\t\t\t\t\t<h2 class=\"elementor-heading-title elementor-size-default\">POLITYKA COOKIES<\/h2>\t\t\t\t<\/div>\n\t\t\t\t<\/div>\n\t\t\t\t\t<\/div>\n\t\t<\/div>\n\t\t\t\t\t<\/div>\n\t\t<\/section>\n\t\t\t\t<section class=\"elementor-section elementor-top-section elementor-element elementor-element-39c96f54 elementor-section-boxed elementor-section-height-default elementor-section-height-default\" data-id=\"39c96f54\" data-element_type=\"section\">\n\t\t\t\t\t\t<div class=\"elementor-container elementor-column-gap-default\">\n\t\t\t\t\t<div class=\"elementor-column elementor-col-100 elementor-top-column elementor-element elementor-element-2787c3a6\" data-id=\"2787c3a6\" data-element_type=\"column\">\n\t\t\t<div class=\"elementor-widget-wrap elementor-element-populated\">\n\t\t\t\t\t\t<div class=\"elementor-element elementor-element-79b444a1 elementor-widget elementor-widget-text-editor\" data-id=\"79b444a1\" data-element_type=\"widget\" data-widget_type=\"text-editor.default\">\n\t\t\t\t<div class=\"elementor-widget-container\">\n\t\t\t\t\t\t\t\t\t<hr \/><hr \/><p><span style=\"color: #ffffff;\">Polityka cookies sporz\u0105dzona zosta\u0142a zgodnie z obowi\u0105zkami wynikaj\u0105cymi z nowelizacji Prawa Telekomunikacyjnego, kt\u00f3re wesz\u0142y w \u017cycie 22 marca 2013 roku. Obowi\u0105zki te podobnie s\u0105 realizowane w ca\u0142ej Europie wskutek implementowania dyrektywy europejskiej.<\/span><\/p><p><span style=\"color: #ffffff;\">Niniejsza polityka cookies dotyczy us\u0142ug oferowanych w ramach tej strony (Serwis).<\/span><br \/><span style=\"color: #ffffff;\">Serwis nie zbiera w spos\u00f3b automatyczny \u017cadnych informacji, z wyj\u0105tkiem informacji zawartych w plikach cookies.<\/span><\/p><p><span style=\"color: #ffffff;\">Pliki cookies (tzw. ciasteczka) stanowi\u0105 dane informatyczne, w szczeg\u00f3lno\u015bci pliki tekstowe, kt\u00f3re przechowywane s\u0105 w urz\u0105dzeniu ko\u0144cowym U\u017cytkownika Serwisu i przeznaczone s\u0105 do korzystania ze stron internetowych Serwisu. Cookies zazwyczaj zawieraj\u0105 nazw\u0119 strony internetowej, z kt\u00f3rej pochodz\u0105, czas przechowywania ich na urz\u0105dzeniu ko\u0144cowym oraz unikalny numer.<\/span><br \/><span style=\"color: #ffffff;\">Podmiotem zamieszczaj\u0105cym na urz\u0105dzeniu ko\u0144cowym U\u017cytkownika Serwisu pliki cookies oraz uzyskuj\u0105cym do nich dost\u0119p jest operator tej strony.<\/span><\/p><p><span style=\"color: #ffffff;\">Pliki cookies wykorzystywane s\u0105 w celu:<\/span><\/p><ul><li><span style=\"color: #ffffff;\">dostosowania zawarto\u015bci stron internetowych do preferencji U\u017cytkownika oraz optymalizacji korzystania ze stron internetowych; w szczeg\u00f3lno\u015bci pliki te pozwalaj\u0105 rozpozna\u0107 urz\u0105dzenie U\u017cytkownika Serwisu i odpowiednio wy\u015bwietli\u0107 stron\u0119 internetow\u0105, dostosowan\u0105 do jego indywidualnych potrzeb;<\/span><\/li><li><span style=\"color: #ffffff;\">tworzenia statystyk, kt\u00f3re pomagaj\u0105 zrozumie\u0107, w jaki spos\u00f3b U\u017cytkownicy Serwisu korzystaj\u0105 ze stron internetowych, co umo\u017cliwia ulepszanie ich struktury i zawarto\u015bci;<\/span><\/li><\/ul><p><span style=\"color: #ffffff;\">W ramach Serwisu stosowane s\u0105 dwa zasadnicze typy plik\u00f3w cookies: sesyjne (session cookies) oraz sta\u0142e (persistent cookies). Cookies sesyjne s\u0105 plikami tymczasowymi, kt\u00f3re przechowywane s\u0105 w urz\u0105dzeniu ko\u0144cowym U\u017cytkownika do czasu wylogowania, opuszczenia strony internetowej lub wy\u0142\u0105czenia oprogramowania (przegl\u0105darki internetowej). Sta\u0142e pliki cookies przechowywane s\u0105 w urz\u0105dzeniu ko\u0144cowym U\u017cytkownika przez czas okre\u015blony w parametrach plik\u00f3w cookies lub do czasu ich usuni\u0119cia przez U\u017cytkownika.<\/span><\/p><p><span style=\"color: #ffffff;\">W ramach Serwisu stosowane s\u0105 nast\u0119puj\u0105ce rodzaje plik\u00f3w cookies:<\/span><\/p><ul><li><span style=\"color: #ffffff;\">niezb\u0119dne pliki cookies, umo\u017cliwiaj\u0105ce korzystanie z us\u0142ug dost\u0119pnych w ramach Serwisu, np. uwierzytelniaj\u0105ce pliki cookies wykorzystywane do us\u0142ug wymagaj\u0105cych uwierzytelniania w ramach Serwisu;<\/span><\/li><li><span style=\"color: #ffffff;\">pliki cookies s\u0142u\u017c\u0105ce do zapewnienia bezpiecze\u0144stwa, np. wykorzystywane do wykrywania nadu\u017cy\u0107 w zakresie uwierzytelniania w ramach Serwisu;<\/span><\/li><li><span style=\"color: #ffffff;\">wydajno\u015bciowe pliki cookies, umo\u017cliwiaj\u0105ce zbieranie informacji o sposobie korzystania ze stron internetowych Serwisu;<\/span><\/li><li><span style=\"color: #ffffff;\">funkcjonalne pliki cookies, umo\u017cliwiaj\u0105ce zapami\u0119tanie wybranych przez U\u017cytkownika ustawie\u0144 i personalizacj\u0119 interfejsu U\u017cytkownika, np. w zakresie wybranego j\u0119zyka lub regionu, z kt\u00f3rego pochodzi U\u017cytkownik, rozmiaru czcionki, wygl\u0105du strony internetowej itp.;<\/span><\/li><li><span style=\"color: #ffffff;\">reklamowe pliki cookies, umo\u017cliwiaj\u0105ce dostarczanie U\u017cytkownikom tre\u015bci reklamowych bardziej dostosowanych do ich zainteresowa\u0144.<\/span><\/li><\/ul><p><span style=\"color: #ffffff;\">W wielu przypadkach oprogramowanie s\u0142u\u017c\u0105ce do przegl\u0105dania stron internetowych (przegl\u0105darka internetowa) domy\u015blnie dopuszcza przechowywanie plik\u00f3w cookies w urz\u0105dzeniu ko\u0144cowym U\u017cytkownika. U\u017cytkownicy Serwisu mog\u0105 dokona\u0107 w ka\u017cdym czasie zmiany ustawie\u0144 dotycz\u0105cych plik\u00f3w cookies. Ustawienia te mog\u0105 zosta\u0107 zmienione w szczeg\u00f3lno\u015bci w taki spos\u00f3b, aby blokowa\u0107 automatyczn\u0105 obs\u0142ug\u0119 plik\u00f3w cookies w ustawieniach przegl\u0105darki internetowej b\u0105d\u017a informowa\u0107 o ich ka\u017cdorazowym zamieszczeniu w urz\u0105dzeniu U\u017cytkownika Serwisu. Szczeg\u00f3\u0142owe informacje o mo\u017cliwo\u015bci i sposobach obs\u0142ugi plik\u00f3w cookies dost\u0119pne s\u0105 w ustawieniach oprogramowania (przegl\u0105darki internetowej).<\/span><\/p><p><span style=\"color: #ffffff;\">Operator Serwisu informuje, \u017ce ograniczenia stosowania plik\u00f3w cookies mog\u0105 wp\u0142yn\u0105\u0107 na niekt\u00f3re funkcjonalno\u015bci dost\u0119pne na stronach internetowych Serwisu.<\/span><\/p><p><span style=\"color: #ffffff;\">Pliki cookies zamieszczane w urz\u0105dzeniu ko\u0144cowym U\u017cytkownika Serwisu i wykorzystywane mog\u0105 by\u0107 r\u00f3wnie\u017c przez wsp\u00f3\u0142pracuj\u0105cych z operatorem Serwisu reklamodawc\u00f3w oraz partner\u00f3w.<\/span><\/p><p><span style=\"color: #ffffff;\">Wi\u0119cej informacji na temat plik\u00f3w cookies dost\u0119pnych jest w sekcji Pomoc w menu przegl\u0105darki internetowej.<\/span><\/p>\t\t\t\t\t\t\t\t<\/div>\n\t\t\t\t<\/div>\n\t\t\t\t\t<\/div>\n\t\t<\/div>\n\t\t\t\t\t<\/div>\n\t\t<\/section>\n\t\t\t\t<section class=\"elementor-section elementor-top-section elementor-element elementor-element-79fb68f elementor-section-boxed elementor-section-height-default elementor-section-height-default\" data-id=\"79fb68f\" data-element_type=\"section\">\n\t\t\t\t\t\t<div class=\"elementor-container elementor-column-gap-default\">\n\t\t\t\t\t<div class=\"elementor-column elementor-col-100 elementor-top-column elementor-element elementor-element-2e2dd34\" data-id=\"2e2dd34\" data-element_type=\"column\">\n\t\t\t<div class=\"elementor-widget-wrap elementor-element-populated\">\n\t\t\t\t\t\t<div class=\"elementor-element elementor-element-4e6a3e3 elementor-widget-divider--view-line elementor-widget elementor-widget-divider\" data-id=\"4e6a3e3\" data-element_type=\"widget\" data-widget_type=\"divider.default\">\n\t\t\t\t<div class=\"elementor-widget-container\">\n\t\t\t\t\t\t\t<div class=\"elementor-divider\">\n\t\t\t<span class=\"elementor-divider-separator\">\n\t\t\t\t\t\t<\/span>\n\t\t<\/div>\n\t\t\t\t\t\t<\/div>\n\t\t\t\t<\/div>\n\t\t\t\t\t<\/div>\n\t\t<\/div>\n\t\t\t\t\t<\/div>\n\t\t<\/section>\n\t\t\t\t<section class=\"elementor-section elementor-top-section elementor-element elementor-element-7615fef elementor-section-boxed elementor-section-height-default elementor-section-height-default\" data-id=\"7615fef\" data-element_type=\"section\">\n\t\t\t\t\t\t<div class=\"elementor-container elementor-column-gap-default\">\n\t\t\t\t\t<div class=\"elementor-column elementor-col-100 elementor-top-column elementor-element elementor-element-96c1698\" data-id=\"96c1698\" data-element_type=\"column\">\n\t\t\t<div class=\"elementor-widget-wrap elementor-element-populated\">\n\t\t\t\t\t\t\t<\/div>\n\t\t<\/div>\n\t\t\t\t\t<\/div>\n\t\t<\/section>\n\t\t\t\t<\/div>\n\t\t","protected":false},"excerpt":{"rendered":"<p>HOME O\u00a0NAS PROGRAM 2019 GO\u015aCIE I PARTNERZY GALERIA ARCHIWUM KONTAKT POLITYKA COOKIES Polityka cookies sporz\u0105dzona zosta\u0142a zgodnie z obowi\u0105zkami wynikaj\u0105cymi z nowelizacji Prawa Telekomunikacyjnego, kt\u00f3re wesz\u0142y w \u017cycie 22 marca 2013 roku. Obowi\u0105zki te podobnie s\u0105 realizowane w ca\u0142ej Europie wskutek implementowania dyrektywy europejskiej. Niniejsza polityka cookies dotyczy us\u0142ug oferowanych w ramach tej strony (Serwis).Serwis &hellip; <\/p>\n<p class=\"link-more\"><a href=\"https:\/\/forumrodziny.pl\/index.php\/polityka-cookies\/\" class=\"more-link\">Czytaj dalej<span class=\"screen-reader-text\"> \u201ePOLITYKA COOKIES\u201d<\/span><\/a><\/p>\n","protected":false},"author":1,"featured_media":0,"parent":0,"menu_order":0,"comment_status":"closed","ping_status":"closed","template":"elementor_canvas","meta":{"_monsterinsights_skip_tracking":false,"_monsterinsights_sitenote_active":false,"_monsterinsights_sitenote_note":"","_monsterinsights_sitenote_category":0,"footnotes":""},"class_list":["post-697","page","type-page","status-publish","hentry"],"yoast_head":"<!-- This site is optimized with the Yoast SEO plugin v27.5 - https:\/\/yoast.com\/product\/yoast-seo-wordpress\/ -->\n<title>POLITYKA COOKIES &#8212; Forum Rodziny Bytom 2025<\/title>\n<meta name=\"robots\" content=\"index, follow, max-snippet:-1, max-image-preview:large, max-video-preview:-1\" \/>\n<link rel=\"canonical\" href=\"https:\/\/forumrodziny.pl\/index.php\/polityka-cookies\/\" \/>\n<meta property=\"og:locale\" content=\"pl_PL\" \/>\n<meta property=\"og:type\" content=\"article\" \/>\n<meta property=\"og:title\" content=\"POLITYKA COOKIES &#8212; Forum Rodziny Bytom 2025\" \/>\n<meta property=\"og:description\" content=\"HOME O\u00a0NAS PROGRAM 2019 GO\u015aCIE I PARTNERZY GALERIA ARCHIWUM KONTAKT POLITYKA COOKIES Polityka cookies sporz\u0105dzona zosta\u0142a zgodnie z obowi\u0105zkami wynikaj\u0105cymi z nowelizacji Prawa Telekomunikacyjnego, kt\u00f3re wesz\u0142y w \u017cycie 22 marca 2013 roku. Obowi\u0105zki te podobnie s\u0105 realizowane w ca\u0142ej Europie wskutek implementowania dyrektywy europejskiej. Niniejsza polityka cookies dotyczy us\u0142ug oferowanych w ramach tej strony (Serwis).Serwis &hellip; Czytaj dalej \u201ePOLITYKA COOKIES\u201d\" \/>\n<meta property=\"og:url\" content=\"https:\/\/forumrodziny.pl\/index.php\/polityka-cookies\/\" \/>\n<meta property=\"og:site_name\" content=\"Forum Rodziny Bytom 2025\" \/>\n<meta property=\"article:publisher\" content=\"https:\/\/www.facebook.com\/fm.bytom\/\" \/>\n<meta property=\"article:modified_time\" content=\"2019-09-09T18:33:42+00:00\" \/>\n<meta property=\"og:image\" content=\"https:\/\/forumrodziny.pl\/wp-content\/uploads\/2023\/10\/Baner-strona-2023-2.png\" \/>\n\t<meta property=\"og:image:width\" content=\"1200\" \/>\n\t<meta property=\"og:image:height\" content=\"326\" \/>\n\t<meta property=\"og:image:type\" content=\"image\/png\" \/>\n<meta name=\"twitter:card\" content=\"summary_large_image\" \/>\n<meta name=\"twitter:label1\" content=\"Szacowany czas czytania\" \/>\n\t<meta name=\"twitter:data1\" content=\"3 minuty\" \/>\n<script type=\"application\/ld+json\" class=\"yoast-schema-graph\">{\"@context\":\"https:\\\/\\\/schema.org\",\"@graph\":[{\"@type\":\"WebPage\",\"@id\":\"https:\\\/\\\/forumrodziny.pl\\\/index.php\\\/polityka-cookies\\\/\",\"url\":\"https:\\\/\\\/forumrodziny.pl\\\/index.php\\\/polityka-cookies\\\/\",\"name\":\"POLITYKA COOKIES &#8212; Forum Rodziny Bytom 2025\",\"isPartOf\":{\"@id\":\"https:\\\/\\\/forumrodziny.pl\\\/#website\"},\"datePublished\":\"2019-08-17T21:40:30+00:00\",\"dateModified\":\"2019-09-09T18:33:42+00:00\",\"breadcrumb\":{\"@id\":\"https:\\\/\\\/forumrodziny.pl\\\/index.php\\\/polityka-cookies\\\/#breadcrumb\"},\"inLanguage\":\"pl-PL\",\"potentialAction\":[{\"@type\":\"ReadAction\",\"target\":[\"https:\\\/\\\/forumrodziny.pl\\\/index.php\\\/polityka-cookies\\\/\"]}]},{\"@type\":\"BreadcrumbList\",\"@id\":\"https:\\\/\\\/forumrodziny.pl\\\/index.php\\\/polityka-cookies\\\/#breadcrumb\",\"itemListElement\":[{\"@type\":\"ListItem\",\"position\":1,\"name\":\"Strona g\u0142\u00f3wna\",\"item\":\"https:\\\/\\\/forumrodziny.pl\\\/\"},{\"@type\":\"ListItem\",\"position\":2,\"name\":\"POLITYKA COOKIES\"}]},{\"@type\":\"WebSite\",\"@id\":\"https:\\\/\\\/forumrodziny.pl\\\/#website\",\"url\":\"https:\\\/\\\/forumrodziny.pl\\\/\",\"name\":\"FORUM RODZINY BYTOM 2023\",\"description\":\"Forum Rodziny w Bytomiu to inicjatywa \u015bwieckich katolik\u00f3w, dla kt\u00f3rych tematy i problemy rodzinne maj\u0105 znaczenie\",\"publisher\":{\"@id\":\"https:\\\/\\\/forumrodziny.pl\\\/#organization\"},\"potentialAction\":[{\"@type\":\"SearchAction\",\"target\":{\"@type\":\"EntryPoint\",\"urlTemplate\":\"https:\\\/\\\/forumrodziny.pl\\\/?s={search_term_string}\"},\"query-input\":{\"@type\":\"PropertyValueSpecification\",\"valueRequired\":true,\"valueName\":\"search_term_string\"}}],\"inLanguage\":\"pl-PL\"},{\"@type\":\"Organization\",\"@id\":\"https:\\\/\\\/forumrodziny.pl\\\/#organization\",\"name\":\"FORUM RODZINY BYTOM\",\"url\":\"https:\\\/\\\/forumrodziny.pl\\\/\",\"logo\":{\"@type\":\"ImageObject\",\"inLanguage\":\"pl-PL\",\"@id\":\"https:\\\/\\\/forumrodziny.pl\\\/#\\\/schema\\\/logo\\\/image\\\/\",\"url\":\"https:\\\/\\\/forumrodziny.pl\\\/wp-content\\\/uploads\\\/2021\\\/10\\\/120199841_665024187478317_6038683816953167888_n.png\",\"contentUrl\":\"https:\\\/\\\/forumrodziny.pl\\\/wp-content\\\/uploads\\\/2021\\\/10\\\/120199841_665024187478317_6038683816953167888_n.png\",\"width\":2048,\"height\":2048,\"caption\":\"FORUM RODZINY BYTOM\"},\"image\":{\"@id\":\"https:\\\/\\\/forumrodziny.pl\\\/#\\\/schema\\\/logo\\\/image\\\/\"},\"sameAs\":[\"https:\\\/\\\/www.facebook.com\\\/fm.bytom\\\/\"]}]}<\/script>\n<!-- \/ Yoast SEO plugin. -->","yoast_head_json":{"title":"POLITYKA COOKIES &#8212; Forum Rodziny Bytom 2025","robots":{"index":"index","follow":"follow","max-snippet":"max-snippet:-1","max-image-preview":"max-image-preview:large","max-video-preview":"max-video-preview:-1"},"canonical":"https:\/\/forumrodziny.pl\/index.php\/polityka-cookies\/","og_locale":"pl_PL","og_type":"article","og_title":"POLITYKA COOKIES &#8212; Forum Rodziny Bytom 2025","og_description":"HOME O\u00a0NAS PROGRAM 2019 GO\u015aCIE I PARTNERZY GALERIA ARCHIWUM KONTAKT POLITYKA COOKIES Polityka cookies sporz\u0105dzona zosta\u0142a zgodnie z obowi\u0105zkami wynikaj\u0105cymi z nowelizacji Prawa Telekomunikacyjnego, kt\u00f3re wesz\u0142y w \u017cycie 22 marca 2013 roku. Obowi\u0105zki te podobnie s\u0105 realizowane w ca\u0142ej Europie wskutek implementowania dyrektywy europejskiej. Niniejsza polityka cookies dotyczy us\u0142ug oferowanych w ramach tej strony (Serwis).Serwis &hellip; Czytaj dalej \u201ePOLITYKA COOKIES\u201d","og_url":"https:\/\/forumrodziny.pl\/index.php\/polityka-cookies\/","og_site_name":"Forum Rodziny Bytom 2025","article_publisher":"https:\/\/www.facebook.com\/fm.bytom\/","article_modified_time":"2019-09-09T18:33:42+00:00","og_image":[{"width":1200,"height":326,"url":"https:\/\/forumrodziny.pl\/wp-content\/uploads\/2023\/10\/Baner-strona-2023-2.png","type":"image\/png"}],"twitter_card":"summary_large_image","twitter_misc":{"Szacowany czas czytania":"3 minuty"},"schema":{"@context":"https:\/\/schema.org","@graph":[{"@type":"WebPage","@id":"https:\/\/forumrodziny.pl\/index.php\/polityka-cookies\/","url":"https:\/\/forumrodziny.pl\/index.php\/polityka-cookies\/","name":"POLITYKA COOKIES &#8212; Forum Rodziny Bytom 2025","isPartOf":{"@id":"https:\/\/forumrodziny.pl\/#website"},"datePublished":"2019-08-17T21:40:30+00:00","dateModified":"2019-09-09T18:33:42+00:00","breadcrumb":{"@id":"https:\/\/forumrodziny.pl\/index.php\/polityka-cookies\/#breadcrumb"},"inLanguage":"pl-PL","potentialAction":[{"@type":"ReadAction","target":["https:\/\/forumrodziny.pl\/index.php\/polityka-cookies\/"]}]},{"@type":"BreadcrumbList","@id":"https:\/\/forumrodziny.pl\/index.php\/polityka-cookies\/#breadcrumb","itemListElement":[{"@type":"ListItem","position":1,"name":"Strona g\u0142\u00f3wna","item":"https:\/\/forumrodziny.pl\/"},{"@type":"ListItem","position":2,"name":"POLITYKA COOKIES"}]},{"@type":"WebSite","@id":"https:\/\/forumrodziny.pl\/#website","url":"https:\/\/forumrodziny.pl\/","name":"FORUM RODZINY BYTOM 2023","description":"Forum Rodziny w Bytomiu to inicjatywa \u015bwieckich katolik\u00f3w, dla kt\u00f3rych tematy i problemy rodzinne maj\u0105 znaczenie","publisher":{"@id":"https:\/\/forumrodziny.pl\/#organization"},"potentialAction":[{"@type":"SearchAction","target":{"@type":"EntryPoint","urlTemplate":"https:\/\/forumrodziny.pl\/?s={search_term_string}"},"query-input":{"@type":"PropertyValueSpecification","valueRequired":true,"valueName":"search_term_string"}}],"inLanguage":"pl-PL"},{"@type":"Organization","@id":"https:\/\/forumrodziny.pl\/#organization","name":"FORUM RODZINY BYTOM","url":"https:\/\/forumrodziny.pl\/","logo":{"@type":"ImageObject","inLanguage":"pl-PL","@id":"https:\/\/forumrodziny.pl\/#\/schema\/logo\/image\/","url":"https:\/\/forumrodziny.pl\/wp-content\/uploads\/2021\/10\/120199841_665024187478317_6038683816953167888_n.png","contentUrl":"https:\/\/forumrodziny.pl\/wp-content\/uploads\/2021\/10\/120199841_665024187478317_6038683816953167888_n.png","width":2048,"height":2048,"caption":"FORUM RODZINY BYTOM"},"image":{"@id":"https:\/\/forumrodziny.pl\/#\/schema\/logo\/image\/"},"sameAs":["https:\/\/www.facebook.com\/fm.bytom\/"]}]}},"_links":{"self":[{"href":"https:\/\/forumrodziny.pl\/index.php\/wp-json\/wp\/v2\/pages\/697","targetHints":{"allow":["GET"]}}],"collection":[{"href":"https:\/\/forumrodziny.pl\/index.php\/wp-json\/wp\/v2\/pages"}],"about":[{"href":"https:\/\/forumrodziny.pl\/index.php\/wp-json\/wp\/v2\/types\/page"}],"author":[{"embeddable":true,"href":"https:\/\/forumrodziny.pl\/index.php\/wp-json\/wp\/v2\/users\/1"}],"replies":[{"embeddable":true,"href":"https:\/\/forumrodziny.pl\/index.php\/wp-json\/wp\/v2\/comments?post=697"}],"version-history":[{"count":26,"href":"https:\/\/forumrodziny.pl\/index.php\/wp-json\/wp\/v2\/pages\/697\/revisions"}],"predecessor-version":[{"id":1053,"href":"https:\/\/forumrodziny.pl\/index.php\/wp-json\/wp\/v2\/pages\/697\/revisions\/1053"}],"wp:attachment":[{"href":"https:\/\/forumrodziny.pl\/index.php\/wp-json\/wp\/v2\/media?parent=697"}],"curies":[{"name":"wp","href":"https:\/\/api.w.org\/{rel}","templated":true}]}}